{"id":888,"date":"2021-02-22T12:53:09","date_gmt":"2021-02-22T11:53:09","guid":{"rendered":"http:\/\/samidoun-net.sonny.shared.1984.is\/sweden\/?page_id=888"},"modified":"2021-02-24T12:25:52","modified_gmt":"2021-02-24T11:25:52","slug":"textarkiv","status":"publish","type":"page","link":"https:\/\/samidoun.net\/sweden\/textarkiv\/","title":{"rendered":"Textarkiv"},"content":{"rendered":"\n<p>H\u00e4r finns de texter, b\u00f6cker och artiklar som vi har \u00f6versatt till svenska. Listan uppdateras kontinuerligt. (\u00d6vers\u00e4ttare inom parantes.)<\/p>\n\n\n\n<p><a href=\"https:\/\/samidoun.net\/sweden\/tanka-antiimperialistiskt-ahmad-saadat\/\" data-type=\"URL\" data-id=\"https:\/\/samidoun.net\/sweden\/tanka-antiimperialistiskt-ahmad-saadat\/\">Ahmad Sa\u2019adat &#8211; F\u00f6rord till <em>Revolution\u00e4rt Sj\u00e4lvmord<\/em> av Huey Newton<\/a> (Stockholm)<\/p>\n\n\n\n<p><a href=\"https:\/\/samidoun.net\/sweden\/tanka-antiimperialistiskt-huey-p-newton\/\">Huey P Newton &#8211; <em>Det Korrekta S\u00e4ttet att Hantera en Revolution<\/em><\/a> (Stockholm)<\/p>\n\n\n\n<p><a href=\"https:\/\/samidoun.net\/sweden\/tanka-antiimperialistiskt-folkfronten\/\">PFLP &#8211; utdrag ur <em>Strategi f\u00f6r Palestinas Befrielse<\/em><\/a> (Stockholm)<\/p>\n\n\n\n<p><a href=\"https:\/\/samidoun.net\/sweden\/ahmad-saadat-palestina-kommer-att-befrias-av-folket-inte-av-eliterna\/\">Ahmad Sa\u2019adat &#8211; <em>Palestina kommer befrias av folket, inte eliterna<\/em><\/a> (G\u00f6teborg)<\/p>\n","protected":false},"excerpt":{"rendered":"<p>H\u00e4r finns de texter, b\u00f6cker och artiklar som vi har \u00f6versatt till svenska. Listan uppdateras kontinuerligt. (\u00d6vers\u00e4ttare inom parantes.) Ahmad Sa\u2019adat &#8211; F\u00f6rord till Revolution\u00e4rt Sj\u00e4lvmord av Huey Newton (Stockholm) Huey P Newton &#8211; Det Korrekta S\u00e4ttet att Hantera en Revolution (Stockholm) PFLP &#8211; utdrag ur Strategi f\u00f6r Palestinas Befrielse (Stockholm) Ahmad Sa\u2019adat &#8211; Palestina [&hellip;]<\/p>\n","protected":false},"author":5,"featured_media":0,"parent":0,"menu_order":0,"comment_status":"closed","ping_status":"closed","template":"","meta":{"footnotes":""},"class_list":["post-888","page","type-page","status-publish"],"jetpack_sharing_enabled":true,"_links":{"self":[{"href":"https:\/\/samidoun.net\/sweden\/wp-json\/wp\/v2\/pages\/888","targetHints":{"allow":["GET"]}}],"collection":[{"href":"https:\/\/samidoun.net\/sweden\/wp-json\/wp\/v2\/pages"}],"about":[{"href":"https:\/\/samidoun.net\/sweden\/wp-json\/wp\/v2\/types\/page"}],"author":[{"embeddable":true,"href":"https:\/\/samidoun.net\/sweden\/wp-json\/wp\/v2\/users\/5"}],"replies":[{"embeddable":true,"href":"https:\/\/samidoun.net\/sweden\/wp-json\/wp\/v2\/comments?post=888"}],"version-history":[{"count":5,"href":"https:\/\/samidoun.net\/sweden\/wp-json\/wp\/v2\/pages\/888\/revisions"}],"predecessor-version":[{"id":896,"href":"https:\/\/samidoun.net\/sweden\/wp-json\/wp\/v2\/pages\/888\/revisions\/896"}],"wp:attachment":[{"href":"https:\/\/samidoun.net\/sweden\/wp-json\/wp\/v2\/media?parent=888"}],"curies":[{"name":"wp","href":"https:\/\/api.w.org\/{rel}","templated":true}]}}